{"id":27308,"date":"2020-08-27T23:25:58","date_gmt":"2020-08-27T21:25:58","guid":{"rendered":"http:\/\/1001voyagesgourmands.com\/?page_id=27308"},"modified":"2025-05-21T14:02:25","modified_gmt":"2025-05-21T12:02:25","slug":"spoluprace","status":"publish","type":"page","link":"https:\/\/1001voyagesgourmands.com\/cs\/spoluprace\/","title":{"rendered":"Spolupr\u00e1ce"},"content":{"rendered":"<p>1001 Voyages Gourmands je blog oslavuj\u00edc\u00ed chutn\u00e9 vegetari\u00e1nsk\u00e9 j\u00eddlo, kr\u00e1sn\u00e1 m\u00edsta po cel\u00e9m sv\u011bte, a tak\u00e9 zde sd\u00edl\u00edm n\u011bco z na\u0161eho \u017eivota v zemi \u010dokol\u00e1dov\u00fdch pralinek a piva. Bydl\u00edme v belgick\u00e9m Limburgu, nicm\u00e9n\u011b se tak\u00e9 pohybuji p\u00e1rkr\u00e1t do roka v Praze a okol\u00ed.<\/p>\n<h2>&nbsp;<\/h2>\n<h2><span style=\"text-decoration: underline;\">A jak m\u016f\u017eeme spolupracovat?<\/span><\/h2>\n<p>&nbsp;<\/p>\n<h3>Fotografick\u00e9 slu\u017eby<\/h3>\n<p>B\u011bhem uplynul\u00fdch let jsem v\u00e1\u0161niv\u011b fotila j\u00eddlo a nikdy nenechala fo\u0165\u00e1k doma, kdy\u017e jsme n\u011bkam cestovali. Dnes ji\u017e fot\u00edm profesion\u00e1ln\u011b na full frame Nikon a RAW fotografie upravuji tak, aby esteticky ladily oku. Fot\u00edm p\u0159ev\u00e1\u017en\u011b:<\/p>\n<ul>\n<li>J\u00eddlo a s n\u00edm v\u0161e spojen\u00e9 &#8211; v\u010detn\u011b stylingu, jeho p\u0159\u00edb\u011bh nebo p\u0159\u00edb\u011bh toho, kdo ho tvo\u0159\u00ed<\/li>\n<li>Produktov\u00e9 sn\u00edmky v kontextu (v\u010detn\u011b stylingu)<\/li>\n<li>Branding focen\u00ed a p\u0159\u00edb\u011bh Va\u0161\u00ed zna\u010dky\/firmy<\/li>\n<li>Zaj\u00edmav\u00e9 prostory a m\u00edsta, detaily<\/li>\n<li>Svatby, rodiny, d\u011bti<\/li>\n<\/ul>\n<p>Pro p\u0159edstavu a v\u00edce info se pod\u00edvejte na m\u00e9 <strong><a href=\"https:\/\/www.michaeladorflerova.com\">portfolio<\/a><\/strong>.<\/p>\n<p>&nbsp;<\/p>\n<h3>Tvo\u0159en\u00ed recept\u016f<\/h3>\n<p>Jste firma a cht\u011bli byste vytvo\u0159it recepty se sv\u00fdmi surovinami\/produkty? Jste magaz\u00edn, kter\u00fd pot\u0159ebuje d\u00e1vku nov\u00fdch sez\u00f3nn\u00edch recept\u016f? <span style=\"font-family: PT Serif, serif;\">Pokud ano, jsem tu pro V\u00e1s a m\u016f\u017eu pro V\u00e1s vytvo\u0159it chutn\u00e9 (vegetari\u00e1nsk\u00e9) recepty na m\u00edru!&nbsp;<\/span><\/p>\n<p>&nbsp;<\/p>\n<h3>Psan\u00ed<\/h3>\n<p>Pot\u0159ebujete pomoci s psan\u00edm text\u016f? V\u017edy jsem milovala psan\u00ed ji\u017e od d\u011btsk\u00e9ho v\u011bku. B\u011bhem studia na vysok\u00e9 \u0161kole jsem se nau\u010dila informace pat\u0159i\u010dn\u011b dohled\u00e1vat, \u010d\u00edst data a studie, ne\u017e n\u011bco vypust\u00edm do sv\u011bta. A proto\u017ee se r\u00e1da se u\u010d\u00edm nov\u00e9mu a roz\u0161i\u0159uji si obzory, mohu pro V\u00e1s ps\u00e1t nap\u0159\u00edklad texty na V\u00e1\u0161 firemn\u00ed blog.&nbsp;<\/p>\n<p>&nbsp;<\/p>\n<h3>Produktov\u00e1 spolupr\u00e1ce&nbsp;<\/h3>\n<p><span style=\"font-family: PT Serif, serif;\">L\u00edb\u00ed se V\u00e1m m\u016fj blog a jeho styl a m\u00e1te n\u011bjak\u00fd zaj\u00edmav\u00fd udr\u017eiteln\u00fd produkt\/suroviny, se kter\u00fdmi bych mohla potenci\u00e1ln\u011b souznit a s radost\u00ed je zahrnout v m\u00fdch \u010dl\u00e1nc\u00edch\/receptech nebo je doporu\u010dit m\u00e9mu publiku na s\u00edt\u00edch? Pokud ano, ozv\u011bte se mi a m\u016f\u017eeme se dohodnout.&nbsp;<\/span><\/p>\n<p>&nbsp;<\/p>\n<h2><span style=\"text-decoration: underline;\">M\u00e1te o n\u011bjakou slu\u017ebu z v\u00fd\u0161e uveden\u00fdch z\u00e1jem?<\/span><\/h2>\n<p>Pokud v\u00e1s jedna z v\u00fd\u0161e uveden\u00fdch mo\u017enost\u00ed oslovila, nev\u00e1hejte mne kontaktovat&nbsp;<span style=\"font-family: PT Serif, serif;\">skrz kontaktn\u00ed formul\u00e1\u0159 nebo na email hello@1001voyagesgourmands.com<\/span><\/p>\n<p>&nbsp;<\/p>\n<h2><span style=\"text-decoration: underline;\">N\u00ed\u017ee je v\u00fdb\u011br minul\u00fdch spoluprac\u00ed:<\/span><\/h2>\n<ul>\n<li>Rozhovor: <strong><a href=\"https:\/\/idobnet.cz\/wp-content\/uploads\/2019\/05\/eDOBNET_05_2019.pdf\">Dobnet: Stopy Poberoun\u00ed v EU<\/a><\/strong> (kv\u011bten 2019)<\/li>\n<li>Recepty pro <strong><a href=\"https:\/\/www.skvelehubnuti.cz\/img_design\/ebook\/goji_kucharka_cz.pdf\" target=\"_blank\" rel=\"noopener noreferrer\">Goji E-Book<\/a><\/strong> (jaro 2017, kolektiv blogerek)<\/li>\n<li>\u010cl\u00e1nky na web: <a href=\"https:\/\/ecophiles.com\/2016\/06\/02\/travel-world-vegetarian\/\"><strong>How To Travel The World As A Vegetarian<\/strong><\/a> (Ecophiles, \u010derven 2016), <a href=\"http:\/\/ecophiles.com\/index.php\/2016\/03\/22\/bolivia-hiking-the-sacred-isla-del-sol\/\"><strong>Bolivia: Hiking The Sacred Isla Del Sol <\/strong><\/a>(Ecophiles, b\u0159ezen 2016)<\/li>\n<li>Mal\u00fd catering:<strong> <a href=\"http:\/\/1001voyagesgourmands.com\/czech-fashion-design-weekend-brussels\/\">Czech Fashion and Design Weekend in Brussels<\/a><\/strong> (b\u0159ezen 2016)<\/li>\n<li>Spolupr\u00e1ce ve slu\u017eb\u00e1ch: <strong><a href=\"http:\/\/1001voyagesgourmands.com\/taste-san-juan-walking-foodie-tour\/\">Taste San Juan with a Walking Foodie Tour<\/a> <\/strong>(kv\u011bten 2017), <strong><a href=\"http:\/\/1001voyagesgourmands.com\/eating-like-local-lisbon-secret-food-tours\/\">Eating Like a Local in Lisbon with Secret Food Tours<\/a><\/strong> (b\u0159ezen 2017)<\/li>\n<li>Produktov\u00e1 spolupr\u00e1ce: <strong><a href=\"https:\/\/www.instagram.com\/p\/BV4XMhMly8r\/\" target=\"_blank\" rel=\"noopener\">Fotokniha Saal digital<\/a><\/strong> (\u010derven 2017), <strong><a href=\"http:\/\/1001voyagesgourmands.com\/cs\/delibarry-preprava-zasilek-jednoduse-rychle-kamkoliv\/\">P\u0159eprava z\u00e1silky z Belgie do \u010cech<\/a> <\/strong>(srpen 2016)<\/li>\n<li>Brand Ambassador: <a href=\"https:\/\/www.instagram.com\/p\/CAUff4_H1dX\/\"><strong>Twistshake baby products<\/strong><\/a><\/li>\n<li>Featured blogger: <strong><a href=\"http:\/\/www.blogerky.cz\/exkluzivne\/top-5-blogerek-mesice-srpna-2015\" target=\"_blank\" rel=\"noopener\">Top 5 blogerek m\u011bs\u00edce srpna 2015<\/a><\/strong> (Blogerky.cz)<\/li>\n<li>Tvorba recept\u016f pro web <strong><a href=\"https:\/\/www.garlo.cz\">Garlo.cz<\/a><\/strong>&nbsp;<\/li>\n<\/ul>\n","protected":false},"excerpt":{"rendered":"<p>1001 Voyages Gourmands je blog oslavuj\u00edc\u00ed chutn\u00e9 vegetari\u00e1nsk\u00e9 j\u00eddlo, kr\u00e1sn\u00e1 m\u00edsta po cel\u00e9m sv\u011bte, a tak\u00e9 zde sd\u00edl\u00edm n\u011bco z na\u0161eho \u017eivota v zemi \u010dokol\u00e1dov\u00fdch pralinek a piva. Bydl\u00edme v belgick\u00e9m Limburgu, nicm\u00e9n\u011b se tak\u00e9 pohybuji p\u00e1rkr\u00e1t do roka v Praze a okol\u00ed. &nbsp; A jak m\u016f\u017eeme spolupracovat? &nbsp; Fotografick\u00e9&hellip;<\/p>\n","protected":false},"author":1,"featured_media":0,"parent":0,"menu_order":0,"comment_status":"closed","ping_status":"closed","template":"","meta":{"_exactmetrics_skip_tracking":false,"_exactmetrics_sitenote_active":false,"_exactmetrics_sitenote_note":"","_exactmetrics_sitenote_category":0,"_lmt_disableupdate":"","_lmt_disable":"","footnotes":""},"class_list":["post-27308","page","type-page","status-publish","hentry"],"yoast_head":"<!-- This site is optimized with the Yoast SEO plugin v26.1.1 - https:\/\/yoast.com\/wordpress\/plugins\/seo\/ -->\n<title>Spolupr\u00e1ce - 1001 Voyages Gourmands<\/title>\n<meta name=\"robots\" content=\"index, follow, max-snippet:-1, max-image-preview:large, max-video-preview:-1\" \/>\n<link rel=\"canonical\" href=\"https:\/\/1001voyagesgourmands.com\/cs\/spoluprace\/\" \/>\n<meta property=\"og:locale\" content=\"cs_CZ\" \/>\n<meta property=\"og:type\" content=\"article\" \/>\n<meta property=\"og:title\" content=\"Spolupr\u00e1ce - 1001 Voyages Gourmands\" \/>\n<meta property=\"og:description\" content=\"1001 Voyages Gourmands je blog oslavuj\u00edc\u00ed chutn\u00e9 vegetari\u00e1nsk\u00e9 j\u00eddlo, kr\u00e1sn\u00e1 m\u00edsta po cel\u00e9m sv\u011bte, a tak\u00e9 zde sd\u00edl\u00edm n\u011bco z na\u0161eho \u017eivota v zemi \u010dokol\u00e1dov\u00fdch pralinek a piva. Bydl\u00edme v belgick\u00e9m Limburgu, nicm\u00e9n\u011b se tak\u00e9 pohybuji p\u00e1rkr\u00e1t do roka v Praze a okol\u00ed. &nbsp; A jak m\u016f\u017eeme spolupracovat? &nbsp; Fotografick\u00e9&hellip;\" \/>\n<meta property=\"og:url\" content=\"https:\/\/1001voyagesgourmands.com\/cs\/spoluprace\/\" \/>\n<meta property=\"og:site_name\" content=\"1001 Voyages Gourmands\" \/>\n<meta property=\"article:publisher\" content=\"https:\/\/www.facebook.com\/1001voyagesgourmands\" \/>\n<meta property=\"article:modified_time\" content=\"2025-05-21T12:02:25+00:00\" \/>\n<meta property=\"og:image\" content=\"https:\/\/1001voyagesgourmands.com\/wp-content\/uploads\/2016\/06\/Jak_zustat_vegetarianem_na_cestach_1.jpg\" \/>\n\t<meta property=\"og:image:width\" content=\"800\" \/>\n\t<meta property=\"og:image:height\" content=\"530\" \/>\n\t<meta property=\"og:image:type\" content=\"image\/jpeg\" \/>\n<meta name=\"twitter:card\" content=\"summary_large_image\" \/>\n<meta name=\"twitter:site\" content=\"@michaela_1001vg\" \/>\n<meta name=\"twitter:label1\" content=\"Odhadovan\u00e1 doba \u010dten\u00ed\" \/>\n\t<meta name=\"twitter:data1\" content=\"3 minuty\" \/>\n<script type=\"application\/ld+json\" class=\"yoast-schema-graph\">{\"@context\":\"https:\/\/schema.org\",\"@graph\":[{\"@type\":\"WebPage\",\"@id\":\"https:\/\/1001voyagesgourmands.com\/cs\/spoluprace\/\",\"url\":\"https:\/\/1001voyagesgourmands.com\/cs\/spoluprace\/\",\"name\":\"Spolupr\u00e1ce - 1001 Voyages Gourmands\",\"isPartOf\":{\"@id\":\"https:\/\/1001voyagesgourmands.com\/cs\/#website\"},\"datePublished\":\"2020-08-27T21:25:58+00:00\",\"dateModified\":\"2025-05-21T12:02:25+00:00\",\"breadcrumb\":{\"@id\":\"https:\/\/1001voyagesgourmands.com\/cs\/spoluprace\/#breadcrumb\"},\"inLanguage\":\"cs\",\"potentialAction\":[{\"@type\":\"ReadAction\",\"target\":[\"https:\/\/1001voyagesgourmands.com\/cs\/spoluprace\/\"]}]},{\"@type\":\"BreadcrumbList\",\"@id\":\"https:\/\/1001voyagesgourmands.com\/cs\/spoluprace\/#breadcrumb\",\"itemListElement\":[{\"@type\":\"ListItem\",\"position\":1,\"name\":\"Dom\u016f\",\"item\":\"https:\/\/1001voyagesgourmands.com\/cs\/\"},{\"@type\":\"ListItem\",\"position\":2,\"name\":\"Spolupr\u00e1ce\"}]},{\"@type\":\"WebSite\",\"@id\":\"https:\/\/1001voyagesgourmands.com\/cs\/#website\",\"url\":\"https:\/\/1001voyagesgourmands.com\/cs\/\",\"name\":\"1001 Voyages Gourmands\",\"description\":\"Food | Travel | Photography\",\"potentialAction\":[{\"@type\":\"SearchAction\",\"target\":{\"@type\":\"EntryPoint\",\"urlTemplate\":\"https:\/\/1001voyagesgourmands.com\/cs\/?s={search_term_string}\"},\"query-input\":{\"@type\":\"PropertyValueSpecification\",\"valueRequired\":true,\"valueName\":\"search_term_string\"}}],\"inLanguage\":\"cs\"}]}<\/script>\n<!-- \/ Yoast SEO plugin. -->","yoast_head_json":{"title":"Spolupr\u00e1ce - 1001 Voyages Gourmands","robots":{"index":"index","follow":"follow","max-snippet":"max-snippet:-1","max-image-preview":"max-image-preview:large","max-video-preview":"max-video-preview:-1"},"canonical":"https:\/\/1001voyagesgourmands.com\/cs\/spoluprace\/","og_locale":"cs_CZ","og_type":"article","og_title":"Spolupr\u00e1ce - 1001 Voyages Gourmands","og_description":"1001 Voyages Gourmands je blog oslavuj\u00edc\u00ed chutn\u00e9 vegetari\u00e1nsk\u00e9 j\u00eddlo, kr\u00e1sn\u00e1 m\u00edsta po cel\u00e9m sv\u011bte, a tak\u00e9 zde sd\u00edl\u00edm n\u011bco z na\u0161eho \u017eivota v zemi \u010dokol\u00e1dov\u00fdch pralinek a piva. Bydl\u00edme v belgick\u00e9m Limburgu, nicm\u00e9n\u011b se tak\u00e9 pohybuji p\u00e1rkr\u00e1t do roka v Praze a okol\u00ed. &nbsp; A jak m\u016f\u017eeme spolupracovat? &nbsp; Fotografick\u00e9&hellip;","og_url":"https:\/\/1001voyagesgourmands.com\/cs\/spoluprace\/","og_site_name":"1001 Voyages Gourmands","article_publisher":"https:\/\/www.facebook.com\/1001voyagesgourmands","article_modified_time":"2025-05-21T12:02:25+00:00","og_image":[{"width":800,"height":530,"url":"https:\/\/1001voyagesgourmands.com\/wp-content\/uploads\/2016\/06\/Jak_zustat_vegetarianem_na_cestach_1.jpg","type":"image\/jpeg"}],"twitter_card":"summary_large_image","twitter_site":"@michaela_1001vg","twitter_misc":{"Odhadovan\u00e1 doba \u010dten\u00ed":"3 minuty"},"schema":{"@context":"https:\/\/schema.org","@graph":[{"@type":"WebPage","@id":"https:\/\/1001voyagesgourmands.com\/cs\/spoluprace\/","url":"https:\/\/1001voyagesgourmands.com\/cs\/spoluprace\/","name":"Spolupr\u00e1ce - 1001 Voyages Gourmands","isPartOf":{"@id":"https:\/\/1001voyagesgourmands.com\/cs\/#website"},"datePublished":"2020-08-27T21:25:58+00:00","dateModified":"2025-05-21T12:02:25+00:00","breadcrumb":{"@id":"https:\/\/1001voyagesgourmands.com\/cs\/spoluprace\/#breadcrumb"},"inLanguage":"cs","potentialAction":[{"@type":"ReadAction","target":["https:\/\/1001voyagesgourmands.com\/cs\/spoluprace\/"]}]},{"@type":"BreadcrumbList","@id":"https:\/\/1001voyagesgourmands.com\/cs\/spoluprace\/#breadcrumb","itemListElement":[{"@type":"ListItem","position":1,"name":"Dom\u016f","item":"https:\/\/1001voyagesgourmands.com\/cs\/"},{"@type":"ListItem","position":2,"name":"Spolupr\u00e1ce"}]},{"@type":"WebSite","@id":"https:\/\/1001voyagesgourmands.com\/cs\/#website","url":"https:\/\/1001voyagesgourmands.com\/cs\/","name":"1001 Voyages Gourmands","description":"Food | Travel | Photography","potentialAction":[{"@type":"SearchAction","target":{"@type":"EntryPoint","urlTemplate":"https:\/\/1001voyagesgourmands.com\/cs\/?s={search_term_string}"},"query-input":{"@type":"PropertyValueSpecification","valueRequired":true,"valueName":"search_term_string"}}],"inLanguage":"cs"}]}},"_links":{"self":[{"href":"https:\/\/1001voyagesgourmands.com\/cs\/wp-json\/wp\/v2\/pages\/27308","targetHints":{"allow":["GET"]}}],"collection":[{"href":"https:\/\/1001voyagesgourmands.com\/cs\/wp-json\/wp\/v2\/pages"}],"about":[{"href":"https:\/\/1001voyagesgourmands.com\/cs\/wp-json\/wp\/v2\/types\/page"}],"author":[{"embeddable":true,"href":"https:\/\/1001voyagesgourmands.com\/cs\/wp-json\/wp\/v2\/users\/1"}],"replies":[{"embeddable":true,"href":"https:\/\/1001voyagesgourmands.com\/cs\/wp-json\/wp\/v2\/comments?post=27308"}],"version-history":[{"count":6,"href":"https:\/\/1001voyagesgourmands.com\/cs\/wp-json\/wp\/v2\/pages\/27308\/revisions"}],"predecessor-version":[{"id":31653,"href":"https:\/\/1001voyagesgourmands.com\/cs\/wp-json\/wp\/v2\/pages\/27308\/revisions\/31653"}],"wp:attachment":[{"href":"https:\/\/1001voyagesgourmands.com\/cs\/wp-json\/wp\/v2\/media?parent=27308"}],"curies":[{"name":"wp","href":"https:\/\/api.w.org\/{rel}","templated":true}]}}